{"id":2960,"date":"2019-02-05T09:29:21","date_gmt":"2019-02-05T09:29:21","guid":{"rendered":"http:\/\/retiplus.com\/?page_id=2960"},"modified":"2019-02-05T09:29:22","modified_gmt":"2019-02-05T09:29:22","slug":"access","status":"publish","type":"page","link":"https:\/\/retiplus.com\/en\/access\/","title":{"rendered":"Access"},"content":{"rendered":"\n<!--\n-->\n<div class=\"lrm-main lrm-font-svg lrm-inline is-visible lrm-btn-style--default\" > <!-- this is the entire modal form, including the background -->\n<!--<div class=\"lrm-user-modal\" style=\"visibility: hidden;\">  this is the entire modal form, including the background -->\n\n    <div class=\"lrm-user-modal-container\"> <!-- this is the container wrapper -->\n        <div class=\"lrm-user-modal-container-inner\"> <!-- this is the container wrapper -->\n\n            <ul class=\"lrm-switcher -is-login-only\">\n\n\t<li><a href=\"#0\" class=\"lrm-switch-to-link lrm-switch-to--login lrm-ficon-login selected\">\n\t\t\tEntrar\t\t<\/a><\/li>\n\n\t<\/ul><div class=\"lrm-signin-section is-selected\"> <!-- log in form -->\n\t<form class=\"lrm-form\" action=\"#0\" data-action=\"login\">\n        <div class=\"lrm-fieldset-wrap\">\n\n            <div class=\"lrm-integrations lrm-integrations--login\">\n                            <\/div>\n\n            <p class=\"lrm-form-message lrm-form-message--init\"><\/p>\n\n            <div class=\"fieldset\">\n                                <label class=\"image-replace lrm-email lrm-ficon-mail\" title=\"Email or Username\"><\/label>\n                <input name=\"username\" class=\"full-width has-padding has-border\" type=\"text\" aria-label=\"Email or Username\" placeholder=\"Email or Username\" required value=\"\" autocomplete=\"username\" data-autofocus=\"1\">\n                <span class=\"lrm-error-message\"><\/span>\n            <\/div>\n\n            <div class=\"fieldset\">\n                                <label class=\"image-replace lrm-password lrm-ficon-key\" title=\"Contrase\u00f1a\"><\/label>\n                <input name=\"password\" class=\"full-width has-padding has-border\" type=\"password\" aria-label=\"Contrase\u00f1a\" placeholder=\"Contrase\u00f1a\" required value=\"\">\n                <span class=\"lrm-error-message\"><\/span>\n                                    <span class=\"hide-password lrm-ficon-eye\" data-show=\"Mostrar\" data-hide=\"Esconder\" aria-label=\"Mostrar\"><\/span>\n                            <\/div>\n\n            <div class=\"fieldset\">\n                                    <label class=\"lrm-nice-checkbox__label lrm-remember-me-checkbox\">Recuerdame                        <input type=\"checkbox\" class=\"lrm-nice-checkbox lrm-remember-me\" name=\"remember-me\" checked>\n                        <div class=\"lrm-nice-checkbox__indicator\"><\/div>\n                    <\/label>\n                            <\/div>\n\n            <div class=\"lrm-integrations lrm-integrations--login lrm-integrations-before-btn\">\n                                            <\/div>\n\n            <div class=\"lrm-integrations-otp\"><\/div>\n\n        <\/div>\n\n\t\t<div class=\"fieldset fieldset--submit fieldset--default\">\n\t\t\t<button class=\"full-width has-padding\" type=\"submit\">\n\t\t\t\tLog in\t\t\t<\/button>\n\t\t<\/div>\n\n        <div class=\"lrm-fieldset-wrap\">\n            <div class=\"lrm-integrations lrm-integrations--login\">\n                            <\/div>\n        <\/div>\n\n\t\t<input type=\"hidden\" name=\"redirect_to\" value=\"\">\n\t\t<input type=\"hidden\" name=\"lrm_action\" value=\"login\">\n\t\t<input type=\"hidden\" name=\"wp-submit\" value=\"1\">\n\t\t<!-- Fix for Eduma WP theme-->\n\t\t<input type=\"hidden\" name=\"lp-ajax\" value=\"login\">\n\n\t\t<input type=\"hidden\" id=\"security-login\" name=\"security-login\" value=\"09c63886e6\" \/><input type=\"hidden\" name=\"_wp_http_referer\" value=\"\/en\/wp-json\/wp\/v2\/pages\/2960\/\" \/>\n\t\t<!-- For Invisible Recaptcha plugin -->\n\t\t<span class=\"wpcf7-submit\" style=\"display: none;\"><\/span>\n\t<\/form>\n\n\t<p class=\"lrm-form-bottom-message\"><a href=\"#0\" class=\"lrm-switch-to--reset-password\">\u00bfOlvidaste tu contrase\u00f1a?<\/a><\/p>\n\t<!-- <a href=\"#0\" class=\"lrm-close-form\">Close<\/a> -->\n<\/div> <!-- lrm-login --><div class=\"lrm-reset-password-section \"> <!-- reset password form -->\n\t<form class=\"lrm-form\" action=\"#0\" data-action=\"lost-password\">\n\n        <div class=\"lrm-fieldset-wrap\">\n            <p class=\"lrm-form-message\">Lost your password? Please enter your email address. You will receive mail with link to set new password.<\/p>\n\n            <div class=\"fieldset\">\n                                <label class=\"image-replace lrm-email lrm-ficon-mail\" title=\"Email or Username\"><\/label>\n                <input class=\"full-width has-padding has-border\" name=\"user_login\" type=\"text\" required placeholder=\"Email or Username\" data-autofocus=\"1\" aria-label=\"Email or Username\">\n                <span class=\"lrm-error-message\"><\/span>\n            <\/div>\n\n            <div class=\"lrm-integrations lrm-integrations--reset-pass\">\n                            <\/div>\n\n            <input type=\"hidden\" name=\"lrm_action\" value=\"lostpassword\">\n            <input type=\"hidden\" name=\"wp-submit\" value=\"1\">\n            <input type=\"hidden\" id=\"security-lostpassword\" name=\"security-lostpassword\" value=\"2abc059f92\" \/><input type=\"hidden\" name=\"_wp_http_referer\" value=\"\/en\/wp-json\/wp\/v2\/pages\/2960\/\" \/>\n        <\/div>\n\n\t\t<div class=\"fieldset fieldset--submit fieldset--default\">\n\t\t\t<button class=\"full-width has-padding\" type=\"submit\">\n\t\t\t\tRestablecer la contrase\u00f1a\t\t\t<\/button>\n\t\t<\/div>\n\t\t<!-- For Invisible Recaptcha plugin -->\n\t\t<span class=\"wpcf7-submit\" style=\"display: none;\"><\/span>\n\n\t<\/form>\n\n\t<p class=\"lrm-form-bottom-message\"><a href=\"#0\" class=\"lrm-switch-to--login\">Atr\u00e1s para iniciar sesi\u00f3n<\/a><\/p>\n<\/div> <!-- lrm-reset-password -->\n        <\/div> <!-- lrm-user-modal-container -->\n        <a href=\"#0\" class=\"lrm-close-form\" title=\"Cerrar\">\n            <span class=\"lrm-ficon-close\"><\/span>\n        <\/a>\n\n    <\/div> <!-- lrm-user-modal-container -->\n\n<\/div> <!-- lrm-user-modal -->\n","protected":false},"excerpt":{"rendered":"Entrar Recuerdame Log in \u00bfOlvidaste tu contrase\u00f1a? Lost your password? Please enter your email address. You will receive mail with link to set new password. Restablecer la contrase\u00f1a Atr\u00e1s para iniciar sesi\u00f3n","protected":false},"author":1,"featured_media":0,"parent":0,"menu_order":0,"comment_status":"closed","ping_status":"closed","template":"","meta":{"om_disable_all_campaigns":false,"_monsterinsights_skip_tracking":false,"_monsterinsights_sitenote_active":false,"_monsterinsights_sitenote_note":"","_monsterinsights_sitenote_category":0,"_joinchat":[],"footnotes":""},"class_list":["post-2960","page","type-page","status-publish","hentry"],"_links":{"self":[{"href":"https:\/\/retiplus.com\/en\/wp-json\/wp\/v2\/pages\/2960\/"}],"collection":[{"href":"https:\/\/retiplus.com\/en\/wp-json\/wp\/v2\/pages\/"}],"about":[{"href":"https:\/\/retiplus.com\/en\/wp-json\/wp\/v2\/types\/page\/"}],"author":[{"embeddable":true,"href":"https:\/\/retiplus.com\/en\/wp-json\/wp\/v2\/users\/1\/"}],"replies":[{"embeddable":true,"href":"https:\/\/retiplus.com\/en\/wp-json\/wp\/v2\/comments\/?post=2960"}],"version-history":[{"count":0,"href":"https:\/\/retiplus.com\/en\/wp-json\/wp\/v2\/pages\/2960\/revisions\/"}],"wp:attachment":[{"href":"https:\/\/retiplus.com\/en\/wp-json\/wp\/v2\/media\/?parent=2960"}],"curies":[{"name":"wp","href":"https:\/\/api.w.org\/{rel}","templated":true}]}}